{"id":1329,"date":"2024-04-11T13:42:00","date_gmt":"2024-04-11T11:42:00","guid":{"rendered":"https:\/\/opakkreft.com\/datenschutzrichtlinie\/"},"modified":"2024-04-11T14:05:10","modified_gmt":"2024-04-11T12:05:10","slug":"datenschutzrichtlinie","status":"publish","type":"page","link":"https:\/\/opakkreft.com\/de\/datenschutzrichtlinie\/","title":{"rendered":"Datenschutzrichtlinie"},"content":{"rendered":"\t\t<div data-elementor-type=\"wp-page\" data-elementor-id=\"1329\" class=\"elementor elementor-1329 elementor-1317\" data-elementor-post-type=\"page\">\n\t\t\t\t<div class=\"elementor-element elementor-element-c817b97 e-flex e-con-boxed e-con e-parent\" data-id=\"c817b97\" data-element_type=\"container\" data-e-type=\"container\">\n\t\t\t\t\t<div class=\"e-con-inner\">\n\t\t<div class=\"elementor-element elementor-element-3a12fd26 e-con-full e-flex e-con e-child\" data-id=\"3a12fd26\" data-element_type=\"container\" data-e-type=\"container\">\n\t\t\t\t<div class=\"elementor-element elementor-element-60d3d0ac elementor-widget elementor-widget-heading\" data-id=\"60d3d0ac\" data-element_type=\"widget\" data-e-type=\"widget\" data-widget_type=\"heading.default\">\n\t\t\t\t<div class=\"elementor-widget-container\">\n\t\t\t\t\t<h1 class=\"elementor-heading-title elementor-size-default\">Datenschutzrichtlinie<\/h1>\t\t\t\t<\/div>\n\t\t\t\t<\/div>\n\t\t\t\t<div class=\"elementor-element elementor-element-3a2e3fd1 elementor-widget-divider--view-line elementor-widget elementor-widget-divider\" data-id=\"3a2e3fd1\" data-element_type=\"widget\" data-e-type=\"widget\" data-widget_type=\"divider.default\">\n\t\t\t\t<div class=\"elementor-widget-container\">\n\t\t\t\t\t\t\t<div class=\"elementor-divider\">\n\t\t\t<span class=\"elementor-divider-separator\">\n\t\t\t\t\t\t<\/span>\n\t\t<\/div>\n\t\t\t\t\t\t<\/div>\n\t\t\t\t<\/div>\n\t\t\t\t<\/div>\n\t\t\t\t\t<\/div>\n\t\t\t\t<\/div>\n\t\t<div class=\"elementor-element elementor-element-c0f3154 e-flex e-con-boxed e-con e-parent\" data-id=\"c0f3154\" data-element_type=\"container\" data-e-type=\"container\">\n\t\t\t\t\t<div class=\"e-con-inner\">\n\t\t\t\t<div class=\"elementor-element elementor-element-1719091 elementor-widget elementor-widget-text-editor\" data-id=\"1719091\" data-element_type=\"widget\" data-e-type=\"widget\" data-widget_type=\"text-editor.default\">\n\t\t\t\t<div class=\"elementor-widget-container\">\n\t\t\t\t\t\t\t\t\t<h4 class=\"wp-block-heading\">Administrator f\u00fcr personenbezogene Daten:<\/h4><p>Der Datenschutzbeauftragte im Sinne der Verordnung (EU) 2016\/679 des Europ\u00e4ischen Parlaments und des Rates vom 27. April 2016 zum Schutz nat\u00fcrlicher Personen bei der Verarbeitung personenbezogener Daten und zum freien Datenverkehr und zur Aufhebung der Richtlinie 95\/46\/EG (Allgemeine Datenschutzverordnung) vom 27. April 2016 (ABl. EU Nr. 119, S. 1), im Folgenden als DSGVO bezeichnet, sowie des Gesetzes vom 10. Mai 2018 zum Schutz personenbezogener Daten (ABl. 2018, Pos. 1000) ist die OPAK KREFT GmbH, ans\u00e4ssig in ul. Kiele\u0144ska 22 84-208 Czeczewo, Woiwodschaft Pommern, Polen, NIP: 589-203-44-93, Tel. +48 511 529 983, E-Mail: biuro@opakkreft.com.<br \/>Personenbezogene Daten werden gem\u00e4\u00df den Bestimmungen zum Schutz personenbezogener Daten und dem Gesetz vom 18. Juli 2002 \u00fcber die Erbringung elektronischer Dienste (ABl. Nr. 144, Pos. 1204, in der jeweils geltenden Fassung) verarbeitet.<\/p><h4 class=\"wp-block-heading\">Zweck und rechtliche Grundlage der Datenverarbeitung:<\/h4><p>Personenbezogene Daten werden vom Verantwortlichen zum Zweck der Beantwortung von Anfragen verarbeitet, die \u00fcber das Kontaktformular oder per E-Mail gem\u00e4\u00df Artikel 6 Absatz 1 Buchstabe f der DSGVO eingehen.<\/p><h4 class=\"wp-block-heading\">Arten der verarbeiteten Daten:<\/h4><ul><li>Vorname, Nachname, Firmenname<\/li><li>E-Mail-Adresse<\/li><li>Telefonnummer<\/li><\/ul><p>Die Bereitstellung personenbezogener Daten ist freiwillig, aber erforderlich, um auf Anfragen zu antworten, die \u00fcber das Formular eingereicht werden.<\/p><h4 class=\"wp-block-heading\"><strong>Empf\u00e4nger personenbezogener Daten:<\/strong><\/h4><p>Personenbezogene Daten k\u00f6nnen folgenden Stellen offengelegt werden:<br \/>a\/ Die Buchhaltungs-, Rechts- oder Beratungsdienste f\u00fcr den Verantwortlichen erbringen;<br \/>b\/ IT-Systeme verwalten;<br \/>c\/ staatlichen Beh\u00f6rden oder anderen Stellen, die aufgrund gesetzlicher Bestimmungen dazu berechtigt sind, auf deren Antrag, um die dem Verantwortlichen obliegenden Pflichten zu erf\u00fcllen.<\/p><h4 class=\"wp-block-heading\"><strong>Dauer der Speicherung von Daten:<\/strong><\/h4><p>Personenbezogene Daten werden nicht l\u00e4nger gespeichert als erforderlich, um auf \u00fcber das Formular eingereichte Anfragen zu antworten. Personenbezogene Daten, die aufgrund einer gesonderten Einwilligung verarbeitet werden, werden bis zu ihrem Widerruf verarbeitet.<\/p><h4 class=\"wp-block-heading\">Rechte in Bezug auf \u00fcbermittelte Daten:<\/h4><p>Die betroffene Person hat das Recht auf:<br \/>a\/ Zugang zu ihren personenbezogenen Daten;<br \/>b\/ Berichtigung von Daten;<br \/>c\/ L\u00f6schung oder Einschr\u00e4nkung der Datenverarbeitung;<br \/>d\/ Widerspruch gegen die Verarbeitung sowie das Recht auf Daten\u00fcbertragbarkeit;<br \/>e\/ Widerruf der Einwilligung (der Widerruf der Einwilligung ber\u00fchrt nicht die Rechtm\u00e4\u00dfigkeit der vor dem Widerruf durchgef\u00fchrten Verarbeitung);<br \/>f\/ Beschwerde beim Pr\u00e4sidenten des Amtes f\u00fcr den Schutz personenbezogener Daten (ul. Stawki 2, 00-193 Warschau) in Bezug auf die Datenverarbeitung.<\/p><p>Um ihre personenbezogenen Daten zu \u00e4ndern oder die Einwilligung zu widerrufen, sollte der Benutzer eine E-Mail an den Verantwortlichen unter biuro@opakkreft.com senden und um \u00c4nderung seiner personenbezogenen Daten bitten, wobei er gleichzeitig angibt, wie diese \u00c4nderung vorgenommen werden soll.<\/p><h4 class=\"wp-block-heading\">Cookie-Richtlinie:<\/h4><p>Unter Cookies sind Computerdaten zu verstehen, die auf den Endger\u00e4ten von Benutzern gespeichert sind und von den Webbrowsern des Benutzers zum Speichern bestimmter Einstellungen und Daten zum Zwecke der Nutzung von Websites verwendet werden. Diese Dateien erm\u00f6glichen die Erkennung des Ger\u00e4ts des Benutzers und die angemessene Anzeige der Website und gew\u00e4hrleisten maximalen Komfort w\u00e4hrend der Nutzung. Durch das Speichern von Cookies kann die Website und ihr Angebot entsprechend den Benutzerpr\u00e4ferenzen vorbereitet werden &#8211; der Server erkennt und erinnert sich unter anderem an Pr\u00e4ferenzen wie Besuche, Klicks und vorherige Aktionen.<\/p><p>Der Administrator erhebt nicht automatisch Daten, au\u00dfer anonymen Daten, die in Cookies w\u00e4hrend der Nutzung des Dienstes enthalten sind.<\/p><p>Cookies dienen nicht der Identifizierung von Benutzern, und ihre Identit\u00e4t wird nicht auf dieser Basis festgestellt.<\/p><p>Cookies sind f\u00fcr die ordnungsgem\u00e4\u00dfe Nutzung der Website bestimmt und werden insbesondere zur Bearbeitung des Kontaktformulars und des Newsletters verwendet.<\/p><p>Der Benutzer kann jederzeit die Installation von Cookies blockieren oder dauerhafte Cookies l\u00f6schen, indem er die entsprechenden Optionen in seinem Webbrowser verwendet. Um zu erfahren, wie Cookies verwaltet werden k\u00f6nnen, einschlie\u00dflich der Deaktivierung in Ihrem Browser, k\u00f6nnen Sie die Hilfeoption in Ihrem Browser verwenden.<\/p>\t\t\t\t\t\t\t\t<\/div>\n\t\t\t\t<\/div>\n\t\t\t\t\t<\/div>\n\t\t\t\t<\/div>\n\t\t\t\t<\/div>\n\t\t","protected":false},"excerpt":{"rendered":"<p>Datenschutzrichtlinie Administrator f\u00fcr personenbezogene Daten: Der Datenschutzbeauftragte im Sinne der Verordnung (EU) 2016\/679 des Europ\u00e4ischen Parlaments und des Rates vom 27. April 2016 zum Schutz nat\u00fcrlicher Personen bei der Verarbeitung personenbezogener Daten und zum freien Datenverkehr und zur Aufhebung der Richtlinie 95\/46\/EG (Allgemeine Datenschutzverordnung) vom 27. April 2016 (ABl. EU Nr. 119, S. 1), im [&hellip;]<\/p>\n","protected":false},"author":1,"featured_media":0,"parent":0,"menu_order":0,"comment_status":"closed","ping_status":"closed","template":"","meta":{"site-sidebar-layout":"no-sidebar","site-content-layout":"page-builder","ast-site-content-layout":"full-width-container","site-content-style":"default","site-sidebar-style":"default","ast-global-header-display":"","ast-banner-title-visibility":"","ast-main-header-display":"","ast-hfb-above-header-display":"","ast-hfb-below-header-display":"","ast-hfb-mobile-header-display":"","site-post-title":"disabled","ast-breadcrumbs-content":"","ast-featured-img":"disabled","footer-sml-layout":"","ast-disable-related-posts":"","theme-transparent-header-meta":"","adv-header-id-meta":"","stick-header-meta":"","header-above-stick-meta":"","header-main-stick-meta":"","header-below-stick-meta":"","astra-migrate-meta-layouts":"default","ast-page-background-enabled":"default","ast-page-background-meta":{"desktop":{"background-color":"var(--ast-global-color-4)","background-image":"","background-repeat":"repeat","background-position":"center center","background-size":"auto","background-attachment":"scroll","background-type":"","background-media":"","overlay-type":"","overlay-color":"","overlay-opacity":"","overlay-gradient":""},"tablet":{"background-color":"","background-image":"","background-repeat":"repeat","background-position":"center center","background-size":"auto","background-attachment":"scroll","background-type":"","background-media":"","overlay-type":"","overlay-color":"","overlay-opacity":"","overlay-gradient":""},"mobile":{"background-color":"","background-image":"","background-repeat":"repeat","background-position":"center center","background-size":"auto","background-attachment":"scroll","background-type":"","background-media":"","overlay-type":"","overlay-color":"","overlay-opacity":"","overlay-gradient":""}},"ast-content-background-meta":{"desktop":{"background-color":"var(--ast-global-color-5)","background-image":"","background-repeat":"repeat","background-position":"center center","background-size":"auto","background-attachment":"scroll","background-type":"","background-media":"","overlay-type":"","overlay-color":"","overlay-opacity":"","overlay-gradient":""},"tablet":{"background-color":"var(--ast-global-color-5)","background-image":"","background-repeat":"repeat","background-position":"center center","background-size":"auto","background-attachment":"scroll","background-type":"","background-media":"","overlay-type":"","overlay-color":"","overlay-opacity":"","overlay-gradient":""},"mobile":{"background-color":"var(--ast-global-color-5)","background-image":"","background-repeat":"repeat","background-position":"center center","background-size":"auto","background-attachment":"scroll","background-type":"","background-media":"","overlay-type":"","overlay-color":"","overlay-opacity":"","overlay-gradient":""}},"footnotes":""},"class_list":["post-1329","page","type-page","status-publish","hentry"],"yoast_head":"<!-- This site is optimized with the Yoast SEO plugin v27.4 - https:\/\/yoast.com\/product\/yoast-seo-wordpress\/ -->\n<title>Datenschutzrichtlinie - Opakkreft Producent opakowa\u0144<\/title>\n<meta name=\"robots\" content=\"noindex, nofollow\" \/>\n<meta property=\"og:locale\" content=\"de_DE\" \/>\n<meta property=\"og:type\" content=\"article\" \/>\n<meta property=\"og:title\" content=\"Datenschutzrichtlinie - Opakkreft Producent opakowa\u0144\" \/>\n<meta property=\"og:description\" content=\"Datenschutzrichtlinie Administrator f\u00fcr personenbezogene Daten: Der Datenschutzbeauftragte im Sinne der Verordnung (EU) 2016\/679 des Europ\u00e4ischen Parlaments und des Rates vom 27. April 2016 zum Schutz nat\u00fcrlicher Personen bei der Verarbeitung personenbezogener Daten und zum freien Datenverkehr und zur Aufhebung der Richtlinie 95\/46\/EG (Allgemeine Datenschutzverordnung) vom 27. April 2016 (ABl. EU Nr. 119, S. 1), im [&hellip;]\" \/>\n<meta property=\"og:url\" content=\"https:\/\/opakkreft.com\/de\/datenschutzrichtlinie\/\" \/>\n<meta property=\"og:site_name\" content=\"Opakkreft Producent opakowa\u0144\" \/>\n<meta property=\"article:modified_time\" content=\"2024-04-11T12:05:10+00:00\" \/>\n<meta name=\"twitter:card\" content=\"summary_large_image\" \/>\n<meta name=\"twitter:label1\" content=\"Gesch\u00e4tzte Lesezeit\" \/>\n\t<meta name=\"twitter:data1\" content=\"4\u00a0Minuten\" \/>\n<script type=\"application\/ld+json\" class=\"yoast-schema-graph\">{\"@context\":\"https:\\\/\\\/schema.org\",\"@graph\":[{\"@type\":\"WebPage\",\"@id\":\"https:\\\/\\\/opakkreft.com\\\/de\\\/datenschutzrichtlinie\\\/\",\"url\":\"https:\\\/\\\/opakkreft.com\\\/de\\\/datenschutzrichtlinie\\\/\",\"name\":\"Datenschutzrichtlinie - Opakkreft Producent opakowa\u0144\",\"isPartOf\":{\"@id\":\"https:\\\/\\\/opakkreft.com\\\/#website\"},\"datePublished\":\"2024-04-11T11:42:00+00:00\",\"dateModified\":\"2024-04-11T12:05:10+00:00\",\"breadcrumb\":{\"@id\":\"https:\\\/\\\/opakkreft.com\\\/de\\\/datenschutzrichtlinie\\\/#breadcrumb\"},\"inLanguage\":\"de\",\"potentialAction\":[{\"@type\":\"ReadAction\",\"target\":[\"https:\\\/\\\/opakkreft.com\\\/de\\\/datenschutzrichtlinie\\\/\"]}]},{\"@type\":\"BreadcrumbList\",\"@id\":\"https:\\\/\\\/opakkreft.com\\\/de\\\/datenschutzrichtlinie\\\/#breadcrumb\",\"itemListElement\":[{\"@type\":\"ListItem\",\"position\":1,\"name\":\"Strona g\u0142\u00f3wna\",\"item\":\"https:\\\/\\\/opakkreft.com\\\/de\\\/\"},{\"@type\":\"ListItem\",\"position\":2,\"name\":\"Datenschutzrichtlinie\"}]},{\"@type\":\"WebSite\",\"@id\":\"https:\\\/\\\/opakkreft.com\\\/#website\",\"url\":\"https:\\\/\\\/opakkreft.com\\\/\",\"name\":\"Opakowania i kartony Opakkreft\",\"description\":\"\",\"publisher\":{\"@id\":\"https:\\\/\\\/opakkreft.com\\\/#organization\"},\"potentialAction\":[{\"@type\":\"SearchAction\",\"target\":{\"@type\":\"EntryPoint\",\"urlTemplate\":\"https:\\\/\\\/opakkreft.com\\\/?s={search_term_string}\"},\"query-input\":{\"@type\":\"PropertyValueSpecification\",\"valueRequired\":true,\"valueName\":\"search_term_string\"}}],\"inLanguage\":\"de\"},{\"@type\":\"Organization\",\"@id\":\"https:\\\/\\\/opakkreft.com\\\/#organization\",\"name\":\"Opakkreft\",\"url\":\"https:\\\/\\\/opakkreft.com\\\/\",\"logo\":{\"@type\":\"ImageObject\",\"inLanguage\":\"de\",\"@id\":\"https:\\\/\\\/opakkreft.com\\\/#\\\/schema\\\/logo\\\/image\\\/\",\"url\":\"https:\\\/\\\/opakkreft.com\\\/wp-content\\\/uploads\\\/2023\\\/07\\\/logo_opakkreft_internet_w.jpg\",\"contentUrl\":\"https:\\\/\\\/opakkreft.com\\\/wp-content\\\/uploads\\\/2023\\\/07\\\/logo_opakkreft_internet_w.jpg\",\"width\":855,\"height\":425,\"caption\":\"Opakkreft\"},\"image\":{\"@id\":\"https:\\\/\\\/opakkreft.com\\\/#\\\/schema\\\/logo\\\/image\\\/\"}}]}<\/script>\n<!-- \/ Yoast SEO plugin. -->","yoast_head_json":{"title":"Datenschutzrichtlinie - Opakkreft Producent opakowa\u0144","robots":{"index":"noindex","follow":"nofollow"},"og_locale":"de_DE","og_type":"article","og_title":"Datenschutzrichtlinie - Opakkreft Producent opakowa\u0144","og_description":"Datenschutzrichtlinie Administrator f\u00fcr personenbezogene Daten: Der Datenschutzbeauftragte im Sinne der Verordnung (EU) 2016\/679 des Europ\u00e4ischen Parlaments und des Rates vom 27. April 2016 zum Schutz nat\u00fcrlicher Personen bei der Verarbeitung personenbezogener Daten und zum freien Datenverkehr und zur Aufhebung der Richtlinie 95\/46\/EG (Allgemeine Datenschutzverordnung) vom 27. April 2016 (ABl. EU Nr. 119, S. 1), im [&hellip;]","og_url":"https:\/\/opakkreft.com\/de\/datenschutzrichtlinie\/","og_site_name":"Opakkreft Producent opakowa\u0144","article_modified_time":"2024-04-11T12:05:10+00:00","twitter_card":"summary_large_image","twitter_misc":{"Gesch\u00e4tzte Lesezeit":"4\u00a0Minuten"},"schema":{"@context":"https:\/\/schema.org","@graph":[{"@type":"WebPage","@id":"https:\/\/opakkreft.com\/de\/datenschutzrichtlinie\/","url":"https:\/\/opakkreft.com\/de\/datenschutzrichtlinie\/","name":"Datenschutzrichtlinie - Opakkreft Producent opakowa\u0144","isPartOf":{"@id":"https:\/\/opakkreft.com\/#website"},"datePublished":"2024-04-11T11:42:00+00:00","dateModified":"2024-04-11T12:05:10+00:00","breadcrumb":{"@id":"https:\/\/opakkreft.com\/de\/datenschutzrichtlinie\/#breadcrumb"},"inLanguage":"de","potentialAction":[{"@type":"ReadAction","target":["https:\/\/opakkreft.com\/de\/datenschutzrichtlinie\/"]}]},{"@type":"BreadcrumbList","@id":"https:\/\/opakkreft.com\/de\/datenschutzrichtlinie\/#breadcrumb","itemListElement":[{"@type":"ListItem","position":1,"name":"Strona g\u0142\u00f3wna","item":"https:\/\/opakkreft.com\/de\/"},{"@type":"ListItem","position":2,"name":"Datenschutzrichtlinie"}]},{"@type":"WebSite","@id":"https:\/\/opakkreft.com\/#website","url":"https:\/\/opakkreft.com\/","name":"Opakowania i kartony Opakkreft","description":"","publisher":{"@id":"https:\/\/opakkreft.com\/#organization"},"potentialAction":[{"@type":"SearchAction","target":{"@type":"EntryPoint","urlTemplate":"https:\/\/opakkreft.com\/?s={search_term_string}"},"query-input":{"@type":"PropertyValueSpecification","valueRequired":true,"valueName":"search_term_string"}}],"inLanguage":"de"},{"@type":"Organization","@id":"https:\/\/opakkreft.com\/#organization","name":"Opakkreft","url":"https:\/\/opakkreft.com\/","logo":{"@type":"ImageObject","inLanguage":"de","@id":"https:\/\/opakkreft.com\/#\/schema\/logo\/image\/","url":"https:\/\/opakkreft.com\/wp-content\/uploads\/2023\/07\/logo_opakkreft_internet_w.jpg","contentUrl":"https:\/\/opakkreft.com\/wp-content\/uploads\/2023\/07\/logo_opakkreft_internet_w.jpg","width":855,"height":425,"caption":"Opakkreft"},"image":{"@id":"https:\/\/opakkreft.com\/#\/schema\/logo\/image\/"}}]}},"_links":{"self":[{"href":"https:\/\/opakkreft.com\/de\/wp-json\/wp\/v2\/pages\/1329","targetHints":{"allow":["GET"]}}],"collection":[{"href":"https:\/\/opakkreft.com\/de\/wp-json\/wp\/v2\/pages"}],"about":[{"href":"https:\/\/opakkreft.com\/de\/wp-json\/wp\/v2\/types\/page"}],"author":[{"embeddable":true,"href":"https:\/\/opakkreft.com\/de\/wp-json\/wp\/v2\/users\/1"}],"replies":[{"embeddable":true,"href":"https:\/\/opakkreft.com\/de\/wp-json\/wp\/v2\/comments?post=1329"}],"version-history":[{"count":7,"href":"https:\/\/opakkreft.com\/de\/wp-json\/wp\/v2\/pages\/1329\/revisions"}],"predecessor-version":[{"id":1336,"href":"https:\/\/opakkreft.com\/de\/wp-json\/wp\/v2\/pages\/1329\/revisions\/1336"}],"wp:attachment":[{"href":"https:\/\/opakkreft.com\/de\/wp-json\/wp\/v2\/media?parent=1329"}],"curies":[{"name":"wp","href":"https:\/\/api.w.org\/{rel}","templated":true}]}}