{"id":1185,"date":"2023-07-18T15:58:36","date_gmt":"2023-07-18T13:58:36","guid":{"rendered":"https:\/\/opakkreft.com\/ueber-die-firma\/"},"modified":"2023-11-20T16:44:30","modified_gmt":"2023-11-20T15:44:30","slug":"ueber-die-firma","status":"publish","type":"page","link":"https:\/\/opakkreft.com\/de\/ueber-die-firma\/","title":{"rendered":"\u00dcber die Firma"},"content":{"rendered":"\t\t<div data-elementor-type=\"wp-page\" data-elementor-id=\"1185\" class=\"elementor elementor-1185 elementor-8\" data-elementor-post-type=\"page\">\n\t\t\t\t<div class=\"elementor-element elementor-element-5be7a0e1 e-flex e-con-boxed e-con e-parent\" data-id=\"5be7a0e1\" data-element_type=\"container\" data-e-type=\"container\" data-settings=\"{&quot;background_background&quot;:&quot;classic&quot;}\">\n\t\t\t\t\t<div class=\"e-con-inner\">\n\t\t\t\t<div class=\"elementor-element elementor-element-1f1e393c elementor-widget elementor-widget-heading\" data-id=\"1f1e393c\" data-element_type=\"widget\" data-e-type=\"widget\" data-widget_type=\"heading.default\">\n\t\t\t\t<div class=\"elementor-widget-container\">\n\t\t\t\t\t<h2 class=\"elementor-heading-title elementor-size-default\">\u00dcBER DIE FIRMA<\/h2>\t\t\t\t<\/div>\n\t\t\t\t<\/div>\n\t\t\t\t\t<\/div>\n\t\t\t\t<\/div>\n\t\t<div class=\"elementor-element elementor-element-5795a1db e-flex e-con-boxed e-con e-parent\" data-id=\"5795a1db\" data-element_type=\"container\" data-e-type=\"container\">\n\t\t\t\t\t<div class=\"e-con-inner\">\n\t\t<div class=\"elementor-element elementor-element-723d618b e-con-full e-flex e-con e-child\" data-id=\"723d618b\" data-element_type=\"container\" data-e-type=\"container\">\n\t\t\t\t<div class=\"elementor-element elementor-element-41ea45c3 elementor-widget elementor-widget-image\" data-id=\"41ea45c3\" data-element_type=\"widget\" data-e-type=\"widget\" data-widget_type=\"image.default\">\n\t\t\t\t<div class=\"elementor-widget-container\">\n\t\t\t\t\t\t\t\t\t\t\t\t\t\t\t<img fetchpriority=\"high\" decoding=\"async\" width=\"1024\" height=\"683\" src=\"https:\/\/opakkreft.com\/wp-content\/uploads\/2023\/07\/medium-shot-smiley-man-holding-box-1024x683.jpg\" class=\"attachment-large size-large wp-image-953\" alt=\"\" srcset=\"https:\/\/opakkreft.com\/wp-content\/uploads\/2023\/07\/medium-shot-smiley-man-holding-box-1024x683.jpg 1024w, https:\/\/opakkreft.com\/wp-content\/uploads\/2023\/07\/medium-shot-smiley-man-holding-box-300x200.jpg 300w, https:\/\/opakkreft.com\/wp-content\/uploads\/2023\/07\/medium-shot-smiley-man-holding-box-768x512.jpg 768w, https:\/\/opakkreft.com\/wp-content\/uploads\/2023\/07\/medium-shot-smiley-man-holding-box.jpg 1500w\" sizes=\"(max-width: 1024px) 100vw, 1024px\" \/>\t\t\t\t\t\t\t\t\t\t\t\t\t\t\t<\/div>\n\t\t\t\t<\/div>\n\t\t\t\t<\/div>\n\t\t<div class=\"elementor-element elementor-element-6a231a72 e-con-full e-flex e-con e-child\" data-id=\"6a231a72\" data-element_type=\"container\" data-e-type=\"container\">\n\t\t\t\t<div class=\"elementor-element elementor-element-2266f3d3 elementor-widget elementor-widget-heading\" data-id=\"2266f3d3\" data-element_type=\"widget\" data-e-type=\"widget\" data-widget_type=\"heading.default\">\n\t\t\t\t<div class=\"elementor-widget-container\">\n\t\t\t\t\t<h1 class=\"elementor-heading-title elementor-size-default\">HERSTELLER VON KARTONS<\/h1>\t\t\t\t<\/div>\n\t\t\t\t<\/div>\n\t\t\t\t<div class=\"elementor-element elementor-element-d17cbc1 elementor-widget-divider--view-line elementor-widget elementor-widget-divider\" data-id=\"d17cbc1\" data-element_type=\"widget\" data-e-type=\"widget\" data-widget_type=\"divider.default\">\n\t\t\t\t<div class=\"elementor-widget-container\">\n\t\t\t\t\t\t\t<div class=\"elementor-divider\">\n\t\t\t<span class=\"elementor-divider-separator\">\n\t\t\t\t\t\t<\/span>\n\t\t<\/div>\n\t\t\t\t\t\t<\/div>\n\t\t\t\t<\/div>\n\t\t\t\t<div class=\"elementor-element elementor-element-3b4fc37b elementor-widget elementor-widget-text-editor\" data-id=\"3b4fc37b\" data-element_type=\"widget\" data-e-type=\"widget\" data-widget_type=\"text-editor.default\">\n\t\t\t\t<div class=\"elementor-widget-container\">\n\t\t\t\t\t\t\t\t\t<p>Unser Unternehmen besch\u00e4ftigt sich mit der Herstellung von Kartonverpackungen. Obwohl wir ein junges Unternehmen sind, verf\u00fcgen unsere Mitarbeiter \u00fcber fast 30 Jahre Erfahrung in der Herstellung von Kartonverpackungen. Wir sind Profis, die sich bei ihrer Arbeit vor allem von den Bed\u00fcrfnissen unserer Kunden leiten lassen.  <\/p>\n\t\t\t\t\t\t\t\t<\/div>\n\t\t\t\t<\/div>\n\t\t\t\t<div class=\"elementor-element elementor-element-c3b23c5 elementor-widget elementor-widget-text-editor\" data-id=\"c3b23c5\" data-element_type=\"widget\" data-e-type=\"widget\" data-widget_type=\"text-editor.default\">\n\t\t\t\t<div class=\"elementor-widget-container\">\n\t\t\t\t\t\t\t\t\t<p>Seit der Gr\u00fcndung ist unser Unternehmen mit der Herstellung von Kartons und Papierverpackungen verbunden. Wir sind ein ortsbekannter Hersteller von fest verklebten Kartons. Bei unserer Arbeit konzentrieren wir uns auf moderne mit unseren Branchen verbundene L\u00f6sungen. Wir legen gro\u00dfen Wert auf die Pr\u00e4zision der uns anvertrauten Aufgaben. Dank unserer langj\u00e4hrigen Erfahrung sind wir in der Lage, jeden Kunden, der nach geeigneten Verpackungen f\u00fcr sein Unternehmen sucht, richtig zu beraten. Wir arbeiten mit der verschiedenen Kunden zusammen, von Privatpersonen \u00fcber Kleinunternehmen bis hin zu Gro\u00dfunternehmen.     <\/p>\n\t\t\t\t\t\t\t\t<\/div>\n\t\t\t\t<\/div>\n\t\t\t\t<\/div>\n\t\t\t\t\t<\/div>\n\t\t\t\t<\/div>\n\t\t<div class=\"elementor-element elementor-element-0f36a6e e-flex e-con-boxed e-con e-parent\" data-id=\"0f36a6e\" data-element_type=\"container\" data-e-type=\"container\" data-settings=\"{&quot;background_background&quot;:&quot;classic&quot;}\">\n\t\t\t\t\t<div class=\"e-con-inner\">\n\t\t\t\t<div class=\"elementor-element elementor-element-05befc1 elementor-headline--style-highlight elementor-widget elementor-widget-animated-headline\" data-id=\"05befc1\" data-element_type=\"widget\" data-e-type=\"widget\" data-settings=\"{&quot;marker&quot;:&quot;underline&quot;,&quot;highlighted_text&quot;:&quot;Kundenzufriedenheitsgarantie &quot;,&quot;headline_style&quot;:&quot;highlight&quot;,&quot;loop&quot;:&quot;yes&quot;,&quot;highlight_animation_duration&quot;:1200,&quot;highlight_iteration_delay&quot;:8000}\" data-widget_type=\"animated-headline.default\">\n\t\t\t\t<div class=\"elementor-widget-container\">\n\t\t\t\t\t\t\t<h3 class=\"elementor-headline\">\n\t\t\t\t<span class=\"elementor-headline-dynamic-wrapper elementor-headline-text-wrapper\">\n\t\t\t\t\t<span class=\"elementor-headline-dynamic-text elementor-headline-text-active\">Kundenzufriedenheitsgarantie <\/span>\n\t\t\t\t<\/span>\n\t\t\t\t<\/h3>\n\t\t\t\t\t\t<\/div>\n\t\t\t\t<\/div>\n\t\t\t\t\t<\/div>\n\t\t\t\t<\/div>\n\t\t<div class=\"elementor-element elementor-element-c466d6a e-flex e-con-boxed e-con e-parent\" data-id=\"c466d6a\" data-element_type=\"container\" data-e-type=\"container\">\n\t\t\t\t\t<div class=\"e-con-inner\">\n\t\t<div class=\"elementor-element elementor-element-7f6ad30 e-con-full e-flex e-con e-child\" data-id=\"7f6ad30\" data-element_type=\"container\" data-e-type=\"container\">\n\t\t\t\t<div class=\"elementor-element elementor-element-ecaaf8a elementor-widget elementor-widget-image\" data-id=\"ecaaf8a\" data-element_type=\"widget\" data-e-type=\"widget\" data-widget_type=\"image.default\">\n\t\t\t\t<div class=\"elementor-widget-container\">\n\t\t\t\t\t\t\t\t\t\t\t\t\t\t\t<img decoding=\"async\" width=\"1024\" height=\"616\" src=\"https:\/\/opakkreft.com\/wp-content\/uploads\/2023\/07\/empty-closed-boxes-white2-1024x616.jpg\" class=\"attachment-large size-large wp-image-947\" alt=\"\" srcset=\"https:\/\/opakkreft.com\/wp-content\/uploads\/2023\/07\/empty-closed-boxes-white2-1024x616.jpg 1024w, https:\/\/opakkreft.com\/wp-content\/uploads\/2023\/07\/empty-closed-boxes-white2-300x180.jpg 300w, https:\/\/opakkreft.com\/wp-content\/uploads\/2023\/07\/empty-closed-boxes-white2-768x462.jpg 768w, https:\/\/opakkreft.com\/wp-content\/uploads\/2023\/07\/empty-closed-boxes-white2-1536x924.jpg 1536w, https:\/\/opakkreft.com\/wp-content\/uploads\/2023\/07\/empty-closed-boxes-white2.jpg 2000w\" sizes=\"(max-width: 1024px) 100vw, 1024px\" \/>\t\t\t\t\t\t\t\t\t\t\t\t\t\t\t<\/div>\n\t\t\t\t<\/div>\n\t\t\t\t<\/div>\n\t\t<div class=\"elementor-element elementor-element-ea6b8cf e-con-full e-flex e-con e-child\" data-id=\"ea6b8cf\" data-element_type=\"container\" data-e-type=\"container\">\n\t\t\t\t<div class=\"elementor-element elementor-element-0e17381 elementor-widget elementor-widget-text-editor\" data-id=\"0e17381\" data-element_type=\"widget\" data-e-type=\"widget\" data-widget_type=\"text-editor.default\">\n\t\t\t\t<div class=\"elementor-widget-container\">\n\t\t\t\t\t\t\t\t\t<p>In unser Angebot finden Sie sowohl Klappkartons, Schiebekartons als auch gro\u00dfe Palettenkartons und \u00dcbergr\u00f6\u00dfenkartons. Dank unseres flexiblen Angebots hat jeder unserer Kunden bei uns eine gro\u00dfen Auswahlm\u00f6glichkeiten, um ein Produkt zu finden, das seinen Bed\u00fcrfnissen entspricht. Wir sind st\u00e4ndig bestrebt, uns weiterzuentwickeln, um die Bed\u00fcrfnisse der anspruchsvollsten Kunden zu erf\u00fcllen. Dar\u00fcber hinaus modernisieren wir unseren Maschinenpark sowie die Produktions- und Lagerhalle, deshalb k\u00f6nnen Sie sicher sein, dass Ihre Bestellung mit den modernsten Ger\u00e4ten realisiert wird.<\/p>\t\t\t\t\t\t\t\t<\/div>\n\t\t\t\t<\/div>\n\t\t\t\t<div class=\"elementor-element elementor-element-60f6a9d elementor-widget elementor-widget-text-editor\" data-id=\"60f6a9d\" data-element_type=\"widget\" data-e-type=\"widget\" data-widget_type=\"text-editor.default\">\n\t\t\t\t<div class=\"elementor-widget-container\">\n\t\t\t\t\t\t\t\t\t<p>Unser Unternehmen hat seinen Sitz in Czeczowo in Pommern, deshalb richten wir unser Angebot vor allem an Kunden aus Pommern und den angrenzenden Woiwodschaften. Wir beschr\u00e4nken unsere T\u00e4tigkeit jedoch nicht nur auf dieses Gebiet. Wir haben Kunden aus ganz Polen und Europa. Wir laden Sie ein, unsere Dienstleistungen in Anspruch zu nehmen.   <\/p>\n\t\t\t\t\t\t\t\t<\/div>\n\t\t\t\t<\/div>\n\t\t\t\t<\/div>\n\t\t\t\t\t<\/div>\n\t\t\t\t<\/div>\n\t\t\t\t<\/div>\n\t\t","protected":false},"excerpt":{"rendered":"<p>\u00dcBER DIE FIRMA HERSTELLER VON KARTONS Unser Unternehmen besch\u00e4ftigt sich mit der Herstellung von Kartonverpackungen. Obwohl wir ein junges Unternehmen sind, verf\u00fcgen unsere Mitarbeiter \u00fcber fast 30 Jahre Erfahrung in der Herstellung von Kartonverpackungen. Wir sind Profis, die sich bei ihrer Arbeit vor allem von den Bed\u00fcrfnissen unserer Kunden leiten lassen. Seit der Gr\u00fcndung ist [&hellip;]<\/p>\n","protected":false},"author":1,"featured_media":0,"parent":0,"menu_order":0,"comment_status":"closed","ping_status":"closed","template":"","meta":{"site-sidebar-layout":"no-sidebar","site-content-layout":"page-builder","ast-site-content-layout":"full-width-container","site-content-style":"unboxed","site-sidebar-style":"unboxed","ast-global-header-display":"","ast-banner-title-visibility":"","ast-main-header-display":"","ast-hfb-above-header-display":"","ast-hfb-below-header-display":"","ast-hfb-mobile-header-display":"","site-post-title":"disabled","ast-breadcrumbs-content":"","ast-featured-img":"disabled","footer-sml-layout":"","ast-disable-related-posts":"","theme-transparent-header-meta":"","adv-header-id-meta":"","stick-header-meta":"","header-above-stick-meta":"","header-main-stick-meta":"","header-below-stick-meta":"","astra-migrate-meta-layouts":"default","ast-page-background-enabled":"default","ast-page-background-meta":{"desktop":{"background-color":"var(--ast-global-color-4)","background-image":"","background-repeat":"repeat","background-position":"center center","background-size":"auto","background-attachment":"scroll","background-type":"","background-media":"","overlay-type":"","overlay-color":"","overlay-opacity":"","overlay-gradient":""},"tablet":{"background-color":"","background-image":"","background-repeat":"repeat","background-position":"center center","background-size":"auto","background-attachment":"scroll","background-type":"","background-media":"","overlay-type":"","overlay-color":"","overlay-opacity":"","overlay-gradient":""},"mobile":{"background-color":"","background-image":"","background-repeat":"repeat","background-position":"center center","background-size":"auto","background-attachment":"scroll","background-type":"","background-media":"","overlay-type":"","overlay-color":"","overlay-opacity":"","overlay-gradient":""}},"ast-content-background-meta":{"desktop":{"background-color":"var(--ast-global-color-5)","background-image":"","background-repeat":"repeat","background-position":"center center","background-size":"auto","background-attachment":"scroll","background-type":"","background-media":"","overlay-type":"","overlay-color":"","overlay-opacity":"","overlay-gradient":""},"tablet":{"background-color":"var(--ast-global-color-5)","background-image":"","background-repeat":"repeat","background-position":"center center","background-size":"auto","background-attachment":"scroll","background-type":"","background-media":"","overlay-type":"","overlay-color":"","overlay-opacity":"","overlay-gradient":""},"mobile":{"background-color":"var(--ast-global-color-5)","background-image":"","background-repeat":"repeat","background-position":"center center","background-size":"auto","background-attachment":"scroll","background-type":"","background-media":"","overlay-type":"","overlay-color":"","overlay-opacity":"","overlay-gradient":""}},"footnotes":""},"class_list":["post-1185","page","type-page","status-publish","hentry"],"yoast_head":"<!-- This site is optimized with the Yoast SEO plugin v27.4 - https:\/\/yoast.com\/product\/yoast-seo-wordpress\/ -->\n<title>\u00dcber die Firma Opakkreft - Herstellung von Kartons<\/title>\n<meta name=\"description\" content=\"Die Hauptt\u00e4tigkeit des Unternehmens ist die Herstellung von Kartonagen und Papierverpackungen. Wir sind ein in der Region bekannter Hersteller.\" \/>\n<meta name=\"robots\" content=\"index, follow, max-snippet:-1, max-image-preview:large, max-video-preview:-1\" \/>\n<link rel=\"canonical\" href=\"https:\/\/opakkreft.com\/de\/ueber-die-firma\/\" \/>\n<meta property=\"og:locale\" content=\"de_DE\" \/>\n<meta property=\"og:type\" content=\"article\" \/>\n<meta property=\"og:title\" content=\"\u00dcber die Firma Opakkreft - Herstellung von Kartons\" \/>\n<meta property=\"og:description\" content=\"Die Hauptt\u00e4tigkeit des Unternehmens ist die Herstellung von Kartonagen und Papierverpackungen. Wir sind ein in der Region bekannter Hersteller.\" \/>\n<meta property=\"og:url\" content=\"https:\/\/opakkreft.com\/de\/ueber-die-firma\/\" \/>\n<meta property=\"og:site_name\" content=\"Opakkreft Producent opakowa\u0144\" \/>\n<meta property=\"article:modified_time\" content=\"2023-11-20T15:44:30+00:00\" \/>\n<meta property=\"og:image\" content=\"https:\/\/opakkreft.com\/wp-content\/uploads\/2023\/07\/medium-shot-smiley-man-holding-box-1024x683.jpg\" \/>\n<meta name=\"twitter:card\" content=\"summary_large_image\" \/>\n<meta name=\"twitter:label1\" content=\"Gesch\u00e4tzte Lesezeit\" \/>\n\t<meta name=\"twitter:data1\" content=\"2\u00a0Minuten\" \/>\n<script type=\"application\/ld+json\" class=\"yoast-schema-graph\">{\"@context\":\"https:\\\/\\\/schema.org\",\"@graph\":[{\"@type\":\"WebPage\",\"@id\":\"https:\\\/\\\/opakkreft.com\\\/de\\\/ueber-die-firma\\\/\",\"url\":\"https:\\\/\\\/opakkreft.com\\\/de\\\/ueber-die-firma\\\/\",\"name\":\"\u00dcber die Firma Opakkreft - Herstellung von Kartons\",\"isPartOf\":{\"@id\":\"https:\\\/\\\/opakkreft.com\\\/#website\"},\"primaryImageOfPage\":{\"@id\":\"https:\\\/\\\/opakkreft.com\\\/de\\\/ueber-die-firma\\\/#primaryimage\"},\"image\":{\"@id\":\"https:\\\/\\\/opakkreft.com\\\/de\\\/ueber-die-firma\\\/#primaryimage\"},\"thumbnailUrl\":\"https:\\\/\\\/opakkreft.com\\\/wp-content\\\/uploads\\\/2023\\\/07\\\/medium-shot-smiley-man-holding-box-1024x683.jpg\",\"datePublished\":\"2023-07-18T13:58:36+00:00\",\"dateModified\":\"2023-11-20T15:44:30+00:00\",\"description\":\"Die Hauptt\u00e4tigkeit des Unternehmens ist die Herstellung von Kartonagen und Papierverpackungen. Wir sind ein in der Region bekannter Hersteller.\",\"breadcrumb\":{\"@id\":\"https:\\\/\\\/opakkreft.com\\\/de\\\/ueber-die-firma\\\/#breadcrumb\"},\"inLanguage\":\"de\",\"potentialAction\":[{\"@type\":\"ReadAction\",\"target\":[\"https:\\\/\\\/opakkreft.com\\\/de\\\/ueber-die-firma\\\/\"]}]},{\"@type\":\"ImageObject\",\"inLanguage\":\"de\",\"@id\":\"https:\\\/\\\/opakkreft.com\\\/de\\\/ueber-die-firma\\\/#primaryimage\",\"url\":\"https:\\\/\\\/opakkreft.com\\\/wp-content\\\/uploads\\\/2023\\\/07\\\/medium-shot-smiley-man-holding-box-1024x683.jpg\",\"contentUrl\":\"https:\\\/\\\/opakkreft.com\\\/wp-content\\\/uploads\\\/2023\\\/07\\\/medium-shot-smiley-man-holding-box-1024x683.jpg\"},{\"@type\":\"BreadcrumbList\",\"@id\":\"https:\\\/\\\/opakkreft.com\\\/de\\\/ueber-die-firma\\\/#breadcrumb\",\"itemListElement\":[{\"@type\":\"ListItem\",\"position\":1,\"name\":\"Strona g\u0142\u00f3wna\",\"item\":\"https:\\\/\\\/opakkreft.com\\\/de\\\/\"},{\"@type\":\"ListItem\",\"position\":2,\"name\":\"\u00dcber die Firma\"}]},{\"@type\":\"WebSite\",\"@id\":\"https:\\\/\\\/opakkreft.com\\\/#website\",\"url\":\"https:\\\/\\\/opakkreft.com\\\/\",\"name\":\"Opakowania i kartony Opakkreft\",\"description\":\"\",\"publisher\":{\"@id\":\"https:\\\/\\\/opakkreft.com\\\/#organization\"},\"potentialAction\":[{\"@type\":\"SearchAction\",\"target\":{\"@type\":\"EntryPoint\",\"urlTemplate\":\"https:\\\/\\\/opakkreft.com\\\/?s={search_term_string}\"},\"query-input\":{\"@type\":\"PropertyValueSpecification\",\"valueRequired\":true,\"valueName\":\"search_term_string\"}}],\"inLanguage\":\"de\"},{\"@type\":\"Organization\",\"@id\":\"https:\\\/\\\/opakkreft.com\\\/#organization\",\"name\":\"Opakkreft\",\"url\":\"https:\\\/\\\/opakkreft.com\\\/\",\"logo\":{\"@type\":\"ImageObject\",\"inLanguage\":\"de\",\"@id\":\"https:\\\/\\\/opakkreft.com\\\/#\\\/schema\\\/logo\\\/image\\\/\",\"url\":\"https:\\\/\\\/opakkreft.com\\\/wp-content\\\/uploads\\\/2023\\\/07\\\/logo_opakkreft_internet_w.jpg\",\"contentUrl\":\"https:\\\/\\\/opakkreft.com\\\/wp-content\\\/uploads\\\/2023\\\/07\\\/logo_opakkreft_internet_w.jpg\",\"width\":855,\"height\":425,\"caption\":\"Opakkreft\"},\"image\":{\"@id\":\"https:\\\/\\\/opakkreft.com\\\/#\\\/schema\\\/logo\\\/image\\\/\"}}]}<\/script>\n<!-- \/ Yoast SEO plugin. -->","yoast_head_json":{"title":"\u00dcber die Firma Opakkreft - Herstellung von Kartons","description":"Die Hauptt\u00e4tigkeit des Unternehmens ist die Herstellung von Kartonagen und Papierverpackungen. Wir sind ein in der Region bekannter Hersteller.","robots":{"index":"index","follow":"follow","max-snippet":"max-snippet:-1","max-image-preview":"max-image-preview:large","max-video-preview":"max-video-preview:-1"},"canonical":"https:\/\/opakkreft.com\/de\/ueber-die-firma\/","og_locale":"de_DE","og_type":"article","og_title":"\u00dcber die Firma Opakkreft - Herstellung von Kartons","og_description":"Die Hauptt\u00e4tigkeit des Unternehmens ist die Herstellung von Kartonagen und Papierverpackungen. Wir sind ein in der Region bekannter Hersteller.","og_url":"https:\/\/opakkreft.com\/de\/ueber-die-firma\/","og_site_name":"Opakkreft Producent opakowa\u0144","article_modified_time":"2023-11-20T15:44:30+00:00","og_image":[{"url":"https:\/\/opakkreft.com\/wp-content\/uploads\/2023\/07\/medium-shot-smiley-man-holding-box-1024x683.jpg","type":"","width":"","height":""}],"twitter_card":"summary_large_image","twitter_misc":{"Gesch\u00e4tzte Lesezeit":"2\u00a0Minuten"},"schema":{"@context":"https:\/\/schema.org","@graph":[{"@type":"WebPage","@id":"https:\/\/opakkreft.com\/de\/ueber-die-firma\/","url":"https:\/\/opakkreft.com\/de\/ueber-die-firma\/","name":"\u00dcber die Firma Opakkreft - Herstellung von Kartons","isPartOf":{"@id":"https:\/\/opakkreft.com\/#website"},"primaryImageOfPage":{"@id":"https:\/\/opakkreft.com\/de\/ueber-die-firma\/#primaryimage"},"image":{"@id":"https:\/\/opakkreft.com\/de\/ueber-die-firma\/#primaryimage"},"thumbnailUrl":"https:\/\/opakkreft.com\/wp-content\/uploads\/2023\/07\/medium-shot-smiley-man-holding-box-1024x683.jpg","datePublished":"2023-07-18T13:58:36+00:00","dateModified":"2023-11-20T15:44:30+00:00","description":"Die Hauptt\u00e4tigkeit des Unternehmens ist die Herstellung von Kartonagen und Papierverpackungen. Wir sind ein in der Region bekannter Hersteller.","breadcrumb":{"@id":"https:\/\/opakkreft.com\/de\/ueber-die-firma\/#breadcrumb"},"inLanguage":"de","potentialAction":[{"@type":"ReadAction","target":["https:\/\/opakkreft.com\/de\/ueber-die-firma\/"]}]},{"@type":"ImageObject","inLanguage":"de","@id":"https:\/\/opakkreft.com\/de\/ueber-die-firma\/#primaryimage","url":"https:\/\/opakkreft.com\/wp-content\/uploads\/2023\/07\/medium-shot-smiley-man-holding-box-1024x683.jpg","contentUrl":"https:\/\/opakkreft.com\/wp-content\/uploads\/2023\/07\/medium-shot-smiley-man-holding-box-1024x683.jpg"},{"@type":"BreadcrumbList","@id":"https:\/\/opakkreft.com\/de\/ueber-die-firma\/#breadcrumb","itemListElement":[{"@type":"ListItem","position":1,"name":"Strona g\u0142\u00f3wna","item":"https:\/\/opakkreft.com\/de\/"},{"@type":"ListItem","position":2,"name":"\u00dcber die Firma"}]},{"@type":"WebSite","@id":"https:\/\/opakkreft.com\/#website","url":"https:\/\/opakkreft.com\/","name":"Opakowania i kartony Opakkreft","description":"","publisher":{"@id":"https:\/\/opakkreft.com\/#organization"},"potentialAction":[{"@type":"SearchAction","target":{"@type":"EntryPoint","urlTemplate":"https:\/\/opakkreft.com\/?s={search_term_string}"},"query-input":{"@type":"PropertyValueSpecification","valueRequired":true,"valueName":"search_term_string"}}],"inLanguage":"de"},{"@type":"Organization","@id":"https:\/\/opakkreft.com\/#organization","name":"Opakkreft","url":"https:\/\/opakkreft.com\/","logo":{"@type":"ImageObject","inLanguage":"de","@id":"https:\/\/opakkreft.com\/#\/schema\/logo\/image\/","url":"https:\/\/opakkreft.com\/wp-content\/uploads\/2023\/07\/logo_opakkreft_internet_w.jpg","contentUrl":"https:\/\/opakkreft.com\/wp-content\/uploads\/2023\/07\/logo_opakkreft_internet_w.jpg","width":855,"height":425,"caption":"Opakkreft"},"image":{"@id":"https:\/\/opakkreft.com\/#\/schema\/logo\/image\/"}}]}},"_links":{"self":[{"href":"https:\/\/opakkreft.com\/de\/wp-json\/wp\/v2\/pages\/1185","targetHints":{"allow":["GET"]}}],"collection":[{"href":"https:\/\/opakkreft.com\/de\/wp-json\/wp\/v2\/pages"}],"about":[{"href":"https:\/\/opakkreft.com\/de\/wp-json\/wp\/v2\/types\/page"}],"author":[{"embeddable":true,"href":"https:\/\/opakkreft.com\/de\/wp-json\/wp\/v2\/users\/1"}],"replies":[{"embeddable":true,"href":"https:\/\/opakkreft.com\/de\/wp-json\/wp\/v2\/comments?post=1185"}],"version-history":[{"count":5,"href":"https:\/\/opakkreft.com\/de\/wp-json\/wp\/v2\/pages\/1185\/revisions"}],"predecessor-version":[{"id":1190,"href":"https:\/\/opakkreft.com\/de\/wp-json\/wp\/v2\/pages\/1185\/revisions\/1190"}],"wp:attachment":[{"href":"https:\/\/opakkreft.com\/de\/wp-json\/wp\/v2\/media?parent=1185"}],"curies":[{"name":"wp","href":"https:\/\/api.w.org\/{rel}","templated":true}]}}